{"id":10,"date":"2022-07-20T15:14:14","date_gmt":"2022-07-20T13:14:14","guid":{"rendered":"https:\/\/testweb.schachfreunde-mengen.de\/?page_id=10"},"modified":"2022-07-20T15:47:06","modified_gmt":"2022-07-20T13:47:06","slug":"startseite","status":"publish","type":"page","link":"https:\/\/testweb.schachfreunde-mengen.de\/","title":{"rendered":"Schachfreunde-Mengen e.V."},"content":{"rendered":"\n<div class=\"wp-block-cover alignfull is-light\" style=\"min-height:700px;aspect-ratio:unset;\"><span aria-hidden=\"true\" class=\"wp-block-cover__background has-background-dim-0 has-background-dim\"><\/span><img decoding=\"async\" class=\"wp-block-cover__image-background\" alt=\"\" src=\"https:\/\/testweb.schachfreunde-mengen.de\/wp-content\/themes\/neve\/assets\/img\/starter-content\/hero.jpg\" style=\"object-position:50% 64%\" data-object-fit=\"cover\" data-object-position=\"50% 64%\"\/><div class=\"wp-block-cover__inner-container is-layout-flow wp-block-cover-is-layout-flow\">\n<div style=\"height:80px\" aria-hidden=\"true\" class=\"wp-block-spacer\"><\/div>\n\n\n\n<h1 class=\"has-text-align-center has-text-color wp-block-heading\" style=\"color:#121212\">Schachfreunde Mengen e.V.<\/h1>\n\n\n\n<p class=\"has-text-align-center has-text-color\" style=\"color:#121212;font-size:17px\">Willkommen auf der Homepage der Schachfreunde Mengen!<\/p>\n\n\n\n<div class=\"wp-block-buttons is-content-justification-center is-layout-flex wp-container-core-buttons-is-layout-1 wp-block-buttons-is-layout-flex\">\n<div class=\"wp-block-button is-style-primary\"><a class=\"wp-block-button__link\" href=\"https:\/\/schachfreunde-mengen.de\/turniere.html\">Turniere<\/a><\/div>\n\n\n\n<div class=\"wp-block-button is-style-secondary\"><a class=\"wp-block-button__link\" href=\"https:\/\/schachfreunde-mengen.de\/vereinsturniere.html\" target=\"_blank\" rel=\"noreferrer noopener\">Vereinsturniere<\/a><\/div>\n\n\n\n<div class=\"wp-block-button is-style-secondary\"><a class=\"wp-block-button__link\" href=\"https:\/\/schachfreunde-mengen.de\/mannschaften.html\">Mannschaften<\/a><\/div>\n<\/div>\n\n\n\n<div style=\"height:80px\" aria-hidden=\"true\" class=\"wp-block-spacer\"><\/div>\n\n\n\n<div style=\"height:80px\" aria-hidden=\"true\" class=\"wp-block-spacer\"><\/div>\n<\/div><\/div>\n\n\n\n<!--more-->\n\n\n<h2 class=\"has-background has-nv-light-bg-background-color wp-block-site-title\"><a href=\"https:\/\/testweb.schachfreunde-mengen.de\" target=\"_self\" rel=\"home\">Der Verein<\/a><\/h2>\n\n\n<div class=\"wp-block-media-text alignwide has-media-on-the-right is-stacked-on-mobile has-nv-text-dark-bg-background-color has-background\"><figure class=\"wp-block-media-text__media\"><img loading=\"lazy\" decoding=\"async\" width=\"1014\" height=\"674\" src=\"https:\/\/testweb.schachfreunde-mengen.de\/wp-content\/uploads\/2022\/07\/mbr-1014x674-1.jpg\" alt=\"\" class=\"wp-image-30 size-full\" srcset=\"https:\/\/testweb.schachfreunde-mengen.de\/wp-content\/uploads\/2022\/07\/mbr-1014x674-1.jpg 1014w, https:\/\/testweb.schachfreunde-mengen.de\/wp-content\/uploads\/2022\/07\/mbr-1014x674-1-300x199.jpg 300w, https:\/\/testweb.schachfreunde-mengen.de\/wp-content\/uploads\/2022\/07\/mbr-1014x674-1-768x510.jpg 768w\" sizes=\"(max-width: 1014px) 100vw, 1014px\" \/><\/figure><div class=\"wp-block-media-text__content\">\n<p>Die Schachfreunde Mengen wurden 1948 gegr\u00fcndet und z\u00e4hlen heute circa 40 Mitglieder.<\/p>\n\n\n\n<p>Spielabend ist jeden Freitag ab 20 Uhr.<br>Schachinteressierte G\u00e4ste sind herzlich dazu eingeladen.<\/p>\n\n\n\n<p>Neben den Vereinsturnieren wie Vereinsmeisterschaft und Blitzmeisterschaft nehmen wir an externen Turnieren teil. Am letzten Freitag im Juni findet unser j\u00e4hrliches Grillfest statt.<\/p>\n\n\n\n<p>Jeder, der bei uns mitspielen m\u00f6chte, ist herzlich willkommen!<\/p>\n<\/div><\/div>\n\n\n\n<div class=\"wp-block-cover alignfull\" style=\"min-height:600px;aspect-ratio:unset;\"><span aria-hidden=\"true\" class=\"wp-block-cover__background has-nv-light-bg-background-color has-background-dim-100 has-background-dim\"><\/span><div class=\"wp-block-cover__inner-container is-layout-flow wp-block-cover-is-layout-flow\">\n<div class=\"wp-block-group is-layout-flow wp-block-group-is-layout-flow\">\n<div style=\"height:80px\" aria-hidden=\"true\" class=\"wp-block-spacer\"><\/div>\n\n\n\n<div class=\"wp-block-columns are-vertically-aligned-center is-layout-flex wp-container-core-columns-is-layout-1 wp-block-columns-is-layout-flex\">\n<div class=\"wp-block-column is-vertically-aligned-center is-layout-flow wp-block-column-is-layout-flow\" style=\"flex-basis:50%\">\n<figure class=\"wp-block-image size-large\"><img loading=\"lazy\" decoding=\"async\" width=\"1024\" height=\"865\" src=\"https:\/\/testweb.schachfreunde-mengen.de\/wp-content\/uploads\/2022\/07\/20190317-135512-besser-1466x1239-1-1024x865.jpg\" alt=\"\" class=\"wp-image-32\" srcset=\"https:\/\/testweb.schachfreunde-mengen.de\/wp-content\/uploads\/2022\/07\/20190317-135512-besser-1466x1239-1-1024x865.jpg 1024w, https:\/\/testweb.schachfreunde-mengen.de\/wp-content\/uploads\/2022\/07\/20190317-135512-besser-1466x1239-1-300x254.jpg 300w, https:\/\/testweb.schachfreunde-mengen.de\/wp-content\/uploads\/2022\/07\/20190317-135512-besser-1466x1239-1-768x649.jpg 768w, https:\/\/testweb.schachfreunde-mengen.de\/wp-content\/uploads\/2022\/07\/20190317-135512-besser-1466x1239-1.jpg 1466w\" sizes=\"(max-width: 1024px) 100vw, 1024px\" \/><\/figure>\n<\/div>\n\n\n\n<div class=\"wp-block-column is-vertically-aligned-center is-layout-flow wp-block-column-is-layout-flow\" style=\"flex-basis:50%\">\n<p class=\"has-neve-text-color-color has-text-color\">Aufsteiger in die Verbandsliga, von links (vorne): Darko Blazevic, Heinrich Fasshauer, Frydolin Kott, Frank Baur; hinten: Alfred Leser, Dieter Wernard, Volker Baur, Rudolf H\u00e4rle und Mannschaftsf\u00fchrer Helmut Baur.<\/p>\n\n\n\n<div class=\"wp-block-buttons is-content-justification-left is-layout-flex wp-container-core-buttons-is-layout-2 wp-block-buttons-is-layout-flex\"><\/div>\n<\/div>\n<\/div>\n\n\n\n<div style=\"height:40px\" aria-hidden=\"true\" class=\"wp-block-spacer\"><\/div>\n<\/div>\n<\/div><\/div>\n\n\n\n<h3 class=\"wp-block-heading\">Schachfreunde Mengen feiern zwei Meisterschaften<\/h3>\n\n\n<section id=\"content4-24\" class=\"mbr-section content4 cid-rE3xkOh5M4\">\n<div class=\"container\">\n<div class=\"media-container-row\">\n<div class=\"title col-12 col-md-8\">\n<h3 class=\"mbr-section-subtitle align-center mbr-light mbr-fonts-style display-5\">Die &#8222;Erste&#8220; spielt nach \u00fcber 40 Jahren wieder in der Verbandsliga<\/h3>\n<\/div>\n<\/div>\n<\/div>\n<\/section>\n<section id=\"content1-20\" class=\"mbr-section article content1 cid-rE3windjRa\">\n<div class=\"container\">\n<div class=\"media-container-row\">\n<div class=\"mbr-text col-12 mbr-fonts-style display-7 col-md-8\">\n<p>Der vergangene Sonntag wird als historisches Datum in die Geschichte der Schachfreunde Mengen eingehen. Innerhalb von einer Stunde brachten die Schachfreunde zwei Meisterschaften unter Dach und Fach. Die \u201aDritte\u2018 siegte bei Weingarten III mit 4,5:1,5, was die Meisterschaft in der A-Klasse bedeutete. Das Team fuhr anschlie\u00dfend nach Ravensburg, um der \u201aErsten\u2018 noch die Daumen zu dr\u00fccken. Die Mannschaft kam gerade rechtzeitig, denn wenige Minuten sp\u00e4ter stand der 5:3 Erfolg von Mengen I fest. Als aus Langenau die Nachricht kam, dass Verfolger Markdorf \u00fcber ein 4:4 nicht hinauskam, lagen die Mengener einen Spieltag vor Saisonschluss uneinholbar an der Tabellenspitze der Landesliga und es herrschte minutenlange Jubelstimmung an der Ravensburger Neuwiesenschule.&nbsp;<\/p>\n<p>Beide Mannschaften trafen sich im Restaurant Lamm in Mengen zu einer kleinen Feier, wo die Lammwirtin Rose Schillinger den Sekt schon kaltgestellt hatte. Der 1. Vorsitzende Helmut Baur w\u00fcrdigte in einer kurzen Ansprache die gro\u00dfe Leistung beider Teams und gratulierte allen Beteiligten zu diesem einmaligen Erfolg.<\/p>\n<p><strong>&nbsp; &nbsp; &nbsp; &nbsp; &nbsp; &nbsp; &nbsp; &nbsp; &nbsp; &nbsp; &nbsp; &nbsp; &nbsp; &nbsp; &nbsp; &nbsp; &nbsp; &nbsp; &nbsp; Landesliga: Ravensburg I \u2013 Mengen I 3:5 <\/strong><\/p>\n<p>Darko Blazevic hatte es am ersten Brett mit dem Ligabesten zu tun. Mit einer tadellosen Leistung hielt der Kroate seinen Kontrahenten auf Distanz und erspielte sich ein hochverdientes Remis. Frank Baur konnte am zweiten Brett schon fr\u00fch den Anzugsvorteil seines Gegen\u00fcbers egalisieren und stellte einige Drohungen auf. Nachdem sich der Mannschaftssieg abgezeichnet hatte, gab sich der Mengener mit Remis zufrieden. Ebenfalls verdiente halbe Punkte holten sich Heinrich Fasshauer an Brett sechs und Frydolin Kott an Brett acht. Rudolf H\u00e4rle (Brett drei) stand schon mit dem R\u00fccken zur Wand. Nach einem taktischen Schlag gewann er einen Turm und unmittelbar danach die Dame: Punkt f\u00fcr Mengen. Dieter Wernard (Brett f\u00fcnf) war stets Herr auf dem Brett. Seine \u00dcberlegenheit spiegelte sich in vier Bauerngewinnen wider. Nach einem Generalabtausch gab der Ravensburger die Partie auf. Nach einer sehr umsichtigen Spielf\u00fchrung hatte Alfred Leser einen Mehrbauern auf seinem Konto. In einem Leichtfigurenendspiel war sein L\u00e4ufer dem gegnerischen Springer \u00fcberlegen. Mit all seiner Routine baute Leser seinen Vorteil aus und als ein Bauer kurz vor der Umwandlung stand, gab sich der Ravensburger geschlagen. Volker Baur konnte sich zwischenzeitlich einen Materialvorteil erspielen, verlor jedoch zu viele Bauern und musste sich am Ende geschlagen geben.<\/p>\n<p><\/p>\n<p>&nbsp; &nbsp; &nbsp; &nbsp; &nbsp; &nbsp; &nbsp; &nbsp; &nbsp; &nbsp; &nbsp; &nbsp; &nbsp; &nbsp; &nbsp;<strong>A-Klasse: Weingarten III \u2013 Mengen III 1,5:4,5 <\/strong><\/p>\n<p>Mit diesem klaren Sieg im letzten Saisonspiel hat die \u201aDritte\u2018 die Meisterschaft in der A-Klasse errungen und darf sich in der kommenden Saison nun mit Mannschaften aus der Kreisklasse messen.<\/p>\n<p>Die Mengener kamen zu vier Einzelsiegen: Stefan Jencmionka kam mit einem Minusbauern aus der Er\u00f6ffnung, eroberte aber mit einer Springergabel einen Turm und der Punkt ging nach Mengen. Nachdem Thomas Schmitt gute Abwehrarbeit verrichtet hatte, befreite er sich von des Gegners Druck und entschied nach Bauerngewinn die Partie sicher f\u00fcr sich. Petra Kieferle-Reuter gelang es eine Linie zu \u00f6ffnen. Der anschlie\u00dfende K\u00f6nigsangriff brachte ihr zwei Mehrbauern mit Partiegewinn. Oliver Schmitt musste zuerst gegnerisches Angriffsspiel neutralisieren, erspielte sich aber nach und nach Materialvorteil, was letztendlich einen nie gef\u00e4hrdeten Sieg zur Folge hatte. Alexander Woroschejkin gelang am Spitzenbrett ein verdientes Remis, wogegen Wolfgang Gruber seinen Punkt in der Welfenstadt lassen musste.<\/p>\n<p>Beim anschlie\u00dfenden Abschlusshock lie\u00df das Team um Mannschaftsf\u00fchrerin Petra Kieferle-Reuter nochmals die ganze Saison Revue passieren. Von den sieben Saisonspielen hat die Mannschaft vier gewonnen, drei Wettk\u00e4mpfe endeten unentschieden. In den vergangenen Jahren erreichte man dreimal Platz vier. In dieser Saison lag die Truppe immer in Lauerstellung auf Platz zwei oder drei. Als dann am vorletzten Spieltag die Tabellenf\u00fchrung erobert wurde, lie\u00df man nichts mehr anbrennen und verwertete am letzten Spieltag diesen Matchball sicher zum Aufstieg. Das beste Einzelergebnis kommt von Stefan Jenczmionka, der mit 5,5 Punkte aus sieben Partien auch den zweitbesten Ligawert erzielte.<\/p>\n<\/div>\n<\/div>\n<\/div>\n<\/section>\n\n\n<iframe src=\"https:\/\/www.google.com\/maps\/embed?pb=!1m18!1m12!1m3!1d2667.2571449100983!2d9.325288816416554!3d48.04737257921662!2m3!1f0!2f0!3f0!3m2!1i1024!2i768!4f13.1!3m3!1m2!1s0x479a3838f8a662bf%3A0x85dd5a6bee71e6e6!2sGasthof%20zum%20Lamm!5e0!3m2!1sde!2sde!4v1658323332469!5m2!1sde!2sde\" style=\"border:0;\" allowfullscreen=\"\" loading=\"lazy\" referrerpolicy=\"no-referrer-when-downgrade\" width=\"400\" height=\"300\"><\/iframe>\n\n\n\n<div class=\"wp-block-cover is-light\"><span aria-hidden=\"true\" class=\"wp-block-cover__background has-background-dim-10 has-background-dim\"><\/span><div class=\"wp-block-cover__inner-container is-layout-flow wp-block-cover-is-layout-flow\">\n<div class=\"wp-block-group is-layout-flow wp-block-group-is-layout-flow\">\n<figure class=\"wp-block-table is-style-regular\"><table><tbody><tr><td><strong>Spiellokal<\/strong><br><br>Restaurant Lamm<br>Hauptstra\u00dfe 131<br>88512 Mengen<br>07572\/7632637<\/td><td><strong>Spielabend<\/strong><br><br>Jeden Freitag ab 20.00 Uhr<\/td><\/tr><tr><td><strong>Kontakt<\/strong><br>E-Mail: &nbsp;<br><a href=\"mailto:info@schachfreunde-mengen.de\">info@schachfreunde-mengen.de<\/a><\/td><td><strong>Mannschaftsspiele<\/strong><br><br>B\u00fcrgerhaus Rosna<br>Weiherhaldenstra\u00dfe 12<br>88512 Mengen-Rosna<\/td><\/tr><\/tbody><\/table><figcaption><a href=\"https:\/\/schachfreunde-mengen.de\/impress-privacy.html\"><strong>Impressum &amp; Datenschutz<\/strong><\/a><\/figcaption><\/figure>\n<\/div>\n<\/div><\/div>\n","protected":false},"excerpt":{"rendered":"","protected":false},"author":1,"featured_media":0,"parent":0,"menu_order":0,"comment_status":"closed","ping_status":"closed","template":"page-templates\/template-pagebuilder-full-width.php","meta":{"neve_meta_sidebar":"","neve_meta_container":"","neve_meta_enable_content_width":"on","neve_meta_content_width":100,"neve_meta_title_alignment":"","neve_meta_author_avatar":"","neve_post_elements_order":"","neve_meta_disable_header":"","neve_meta_disable_footer":"","neve_meta_disable_title":"on","footnotes":""},"_links":{"self":[{"href":"https:\/\/testweb.schachfreunde-mengen.de\/index.php?rest_route=\/wp\/v2\/pages\/10"}],"collection":[{"href":"https:\/\/testweb.schachfreunde-mengen.de\/index.php?rest_route=\/wp\/v2\/pages"}],"about":[{"href":"https:\/\/testweb.schachfreunde-mengen.de\/index.php?rest_route=\/wp\/v2\/types\/page"}],"author":[{"embeddable":true,"href":"https:\/\/testweb.schachfreunde-mengen.de\/index.php?rest_route=\/wp\/v2\/users\/1"}],"replies":[{"embeddable":true,"href":"https:\/\/testweb.schachfreunde-mengen.de\/index.php?rest_route=%2Fwp%2Fv2%2Fcomments&post=10"}],"version-history":[{"count":7,"href":"https:\/\/testweb.schachfreunde-mengen.de\/index.php?rest_route=\/wp\/v2\/pages\/10\/revisions"}],"predecessor-version":[{"id":42,"href":"https:\/\/testweb.schachfreunde-mengen.de\/index.php?rest_route=\/wp\/v2\/pages\/10\/revisions\/42"}],"wp:attachment":[{"href":"https:\/\/testweb.schachfreunde-mengen.de\/index.php?rest_route=%2Fwp%2Fv2%2Fmedia&parent=10"}],"curies":[{"name":"wp","href":"https:\/\/api.w.org\/{rel}","templated":true}]}}